{"id":566,"date":"2017-09-18T14:47:02","date_gmt":"2017-09-18T12:47:02","guid":{"rendered":"http:\/\/www.federicobindi.org\/?page_id=566"},"modified":"2026-03-04T14:02:35","modified_gmt":"2026-03-04T13:02:35","slug":"case-di-accoglienza","status":"publish","type":"page","link":"https:\/\/www.federicobindi.org\/?page_id=566","title":{"rendered":"Case di Accoglienza"},"content":{"rendered":"<p><span style=\"font-weight: 400;\">Sono case della Fraternit\u00e0 che la stessa mette a disposizione di persone con difficolt\u00e0 abitative, in attesa che acquisiscono i mezzi per potersi sistemare autonomamente.<\/span><\/p>\n<p><span style=\"font-weight: 400;\">Casa Federico<\/span><span style=\"font-weight: 400;\">, nel centro storico,pu\u00f2 ospitare fino a 10 persone.<\/span><\/p>\n<p><span style=\"font-weight: 400;\">Casa Federico 2<\/span><span style=\"font-weight: 400;\">, poco fuori le mura, pu\u00f2 ospitare fino a 10 persone.<\/span><\/p>\n<p><span style=\"font-weight: 400;\">Casa Don Dino<\/span><span style=\"font-weight: 400;\">, poco fuori le mura, pu\u00f2 ospitare fino a 4 persone.<\/span><\/p>\n<p><span style=\"font-weight: 400;\">Casa Mamma Grazie<\/span><span style=\"font-weight: 400;\">, fuori porta S. Clemente e\u00a0 di propriet\u00e0 della Fraternit\u00e0,\u00a0 pu\u00f2 ospitare fino a 5 persone. Questa casa \u00e8 riservata alle donne.<\/span><\/p>\n<p><span style=\"font-weight: 400;\">Gli ospiti attuali delle case sono prevalentemente italiani.<\/span><\/p>\n","protected":false},"excerpt":{"rendered":"<p>Sono case della Fraternit\u00e0 che la stessa mette a disposizione di persone con difficolt\u00e0 abitative, in attesa che acquisiscono i mezzi per potersi sistemare autonomamente. Casa Federico, nel centro storico,pu\u00f2 ospitare fino a 10 persone. Casa Federico 2, poco fuori &hellip; <a href=\"https:\/\/www.federicobindi.org\/?page_id=566\">Continua a leggere<span class=\"meta-nav\">&rarr;<\/span><\/a><\/p>\n","protected":false},"author":1,"featured_media":0,"parent":76,"menu_order":0,"comment_status":"closed","ping_status":"closed","template":"","meta":{"jetpack_post_was_ever_published":false,"footnotes":""},"class_list":["post-566","page","type-page","status-publish","hentry"],"jetpack_sharing_enabled":true,"jetpack_shortlink":"https:\/\/wp.me\/P5o0KA-98","_links":{"self":[{"href":"https:\/\/www.federicobindi.org\/index.php?rest_route=\/wp\/v2\/pages\/566","targetHints":{"allow":["GET"]}}],"collection":[{"href":"https:\/\/www.federicobindi.org\/index.php?rest_route=\/wp\/v2\/pages"}],"about":[{"href":"https:\/\/www.federicobindi.org\/index.php?rest_route=\/wp\/v2\/types\/page"}],"author":[{"embeddable":true,"href":"https:\/\/www.federicobindi.org\/index.php?rest_route=\/wp\/v2\/users\/1"}],"replies":[{"embeddable":true,"href":"https:\/\/www.federicobindi.org\/index.php?rest_route=%2Fwp%2Fv2%2Fcomments&post=566"}],"version-history":[{"count":2,"href":"https:\/\/www.federicobindi.org\/index.php?rest_route=\/wp\/v2\/pages\/566\/revisions"}],"predecessor-version":[{"id":753,"href":"https:\/\/www.federicobindi.org\/index.php?rest_route=\/wp\/v2\/pages\/566\/revisions\/753"}],"up":[{"embeddable":true,"href":"https:\/\/www.federicobindi.org\/index.php?rest_route=\/wp\/v2\/pages\/76"}],"wp:attachment":[{"href":"https:\/\/www.federicobindi.org\/index.php?rest_route=%2Fwp%2Fv2%2Fmedia&parent=566"}],"curies":[{"name":"wp","href":"https:\/\/api.w.org\/{rel}","templated":true}]}}