{"id":2,"date":"2014-04-23T09:27:20","date_gmt":"2014-04-23T07:27:20","guid":{"rendered":"http:\/\/www.federicobindi.org\/?page_id=2"},"modified":"2026-01-23T16:51:37","modified_gmt":"2026-01-23T15:51:37","slug":"pagina-di-esempio","status":"publish","type":"page","link":"https:\/\/www.federicobindi.org\/?page_id=2","title":{"rendered":"La Fraternit\u00e0"},"content":{"rendered":"<p>Benvenuti sul sito della <em>Fraternit\u00e0 Federico Bindi<\/em> odv.<\/p>\n<p>Quando Federico fu chiamato alla Casa del Padre, il 25 novembre 2009, \u00e8 subito nata in tutti coloro che lo conoscevano (familiari, amici, colleghi) la necessit\u00e0 di un progetto che ne ricordasse la persona e, in qualche modo, ne tramandasse i valori.<\/p>\n<p>Vari sono state le idee, dalla richiesta di intitolazione di un parco cittadino alla creazione di un&#8217;opera d&#8217;arte in uno spazio pubblico.<\/p>\n<p>Alla fine, per\u00f2, si \u00e8 pensato che per Federico la cosa pi\u00f9 importante era l&#8217;attenzione verso il prossimo, soprattutto quando il prossimo era in difficolt\u00e0. E, seguendo questo principio, \u00e8 stato deciso di creare una fraternit\u00e0 che, ricordandolo, fosse di aiuto e sollievo proprio a quel prossimo in difficolt\u00e0 tanto caro a Federico.<\/p>\n<p>Con questo intento, il 25 ottobre 2013, nasce la <em>Fraternit\u00e0 Federico Bindi onlus (ora odv)<\/em>.<\/p>\n<p><code><div class=\"epyt-video-wrapper\"><iframe loading=\"lazy\"  id=\"_ytid_96486\"  width=\"640\" height=\"360\"  data-origwidth=\"640\" data-origheight=\"360\" src=\"https:\/\/www.youtube.com\/embed\/0zx8JBaQyjQ\">http:\/\/www.youtube.com\/watch?enablejsapi=1&autoplay=0&cc_load_policy=0&cc_lang_pref=&iv_load_policy=1&loop=0&rel=1&fs=1&playsinline=0&autohide=2&hl=it_IT&theme=dark&color=red&controls=1&disablekb=0&\" class=\"__youtube_prefs__  no-lazyload\" title=\"YouTube player\"  allow=\"fullscreen; accelerometer; autoplay; clipboard-write; encrypted-media; gyroscope; picture-in-picture; web-share\" referrerpolicy=\"strict-origin-when-cross-origin\" allowfullscreen data-no-lazy=\"1\" data-skipgform_ajax_framebjll=\"\"><\/iframe><\/div><\/code><\/p>\n","protected":false},"excerpt":{"rendered":"<p>Benvenuti sul sito della Fraternit\u00e0 Federico Bindi odv. Quando Federico fu chiamato alla Casa del Padre, il 25 novembre 2009, \u00e8 subito nata in tutti coloro che lo conoscevano (familiari, amici, colleghi) la necessit\u00e0 di un progetto che ne ricordasse &hellip; <a href=\"https:\/\/www.federicobindi.org\/?page_id=2\">Continua a leggere<span class=\"meta-nav\">&rarr;<\/span><\/a><\/p>\n","protected":false},"author":1,"featured_media":0,"parent":0,"menu_order":0,"comment_status":"closed","ping_status":"closed","template":"","meta":{"jetpack_post_was_ever_published":false,"footnotes":""},"class_list":["post-2","page","type-page","status-publish","hentry"],"jetpack_sharing_enabled":true,"jetpack_shortlink":"https:\/\/wp.me\/P5o0KA-2","_links":{"self":[{"href":"https:\/\/www.federicobindi.org\/index.php?rest_route=\/wp\/v2\/pages\/2","targetHints":{"allow":["GET"]}}],"collection":[{"href":"https:\/\/www.federicobindi.org\/index.php?rest_route=\/wp\/v2\/pages"}],"about":[{"href":"https:\/\/www.federicobindi.org\/index.php?rest_route=\/wp\/v2\/types\/page"}],"author":[{"embeddable":true,"href":"https:\/\/www.federicobindi.org\/index.php?rest_route=\/wp\/v2\/users\/1"}],"replies":[{"embeddable":true,"href":"https:\/\/www.federicobindi.org\/index.php?rest_route=%2Fwp%2Fv2%2Fcomments&post=2"}],"version-history":[{"count":13,"href":"https:\/\/www.federicobindi.org\/index.php?rest_route=\/wp\/v2\/pages\/2\/revisions"}],"predecessor-version":[{"id":739,"href":"https:\/\/www.federicobindi.org\/index.php?rest_route=\/wp\/v2\/pages\/2\/revisions\/739"}],"wp:attachment":[{"href":"https:\/\/www.federicobindi.org\/index.php?rest_route=%2Fwp%2Fv2%2Fmedia&parent=2"}],"curies":[{"name":"wp","href":"https:\/\/api.w.org\/{rel}","templated":true}]}}