{"id":17,"date":"2014-04-28T23:20:10","date_gmt":"2014-04-28T21:20:10","guid":{"rendered":"http:\/\/www.federicobindi.org\/?page_id=17"},"modified":"2015-03-11T23:49:20","modified_gmt":"2015-03-11T22:49:20","slug":"pagina-2","status":"publish","type":"page","link":"https:\/\/www.federicobindi.org\/?page_id=17","title":{"rendered":"Federico"},"content":{"rendered":"<p>Federico Bindi \u00e8 nato il 28 dicembre 1967 ed \u00e8 morto, a causa di un tumore, il 25 novembre 2009.<\/p>\n<p>Non \u00e8 davvero facile raccontare i sui 42 anni in poche righe.<\/p>\n<p>Molti di noi lo hanno conosciuto dentro la Chiesa aretina, vista la sua fede sincera e gioiosa. Da sempre attento alla Riconciliazione tra le religioni ed all&#8217;ecumenismo Cristiano ha partecipato ad innumerevoli incontro organizzati dalla <a href=\"http:\/\/www.taize.fr\/it\" target=\"_blank\">Comunit\u00e0 monastica di Taiz\u00e9<\/a>, organizzando per tanti anni la <a href=\"http:\/\/www.arezzotaize.it\/rubrique.php3?id_rubrique=6\" target=\"_blank\">preghiera sullo stile di Taiz\u00e9 ad Arezzo<\/a>.<\/p>\n<p>Altri lo hanno conosciuto come appassionato della vita culturale aretina, dal <a href=\"http:\/\/http:\/\/www.polifonico.org\/\" target=\"_blank\">Polifonico<\/a> al <a href=\"http:\/\/www.festivaldellemusiche.it\/category\/festival-musicale-savinese\/\" target=\"_blank\">Festival Musicale Savinese<\/a>.<\/p>\n<p>Altri, infine, lo hanno conosciuto nel suo impegno professionale nel sociale, grazie anche alla sua collaborazione con il Comune di Arezzo.<\/p>\n<p>Federico \u00e8 sempre stato molto attento agli altri, amava le persone, ne rispettava le idee. E nella sua vita di persone ne ha conosciute e frequentate tantissime. Ognuno di noi ha conosciuto un pezzetto di Federico, ognuno di noi pu\u00f2 contribuire con una tessera a costruire il mosaico che lo ricordi.<\/p>\n<p>Qui di seguito mettiamo le prime &#8220;tessere&#8221; di questo mosaico, ma invitiamo tutti voi a contribuire con le vostre, inviandocele a<a href=\"mailto:info@federicobindi.org\" target=\"_blank\"> info@federicobindi.org .<\/a><\/p>\n<p>Con il vostro permesso le pubblicheremo.<\/p>\n<p>Le prime &#8220;tessere&#8221;:<\/p>\n<a href=\"https:\/\/www.federicobindi.org\/?page_id=64\">da Federico, per gli amici<\/a>\n<p>&nbsp;<\/p>\n<a href=\"https:\/\/www.federicobindi.org\/?page_id=31\">dal Cardinale Gualtiero Bassetti<\/a>\n<p>&nbsp;<\/p>\n<a href=\"https:\/\/www.federicobindi.org\/?page_id=56\">dalla Mamma di Federico, M. Grazia<\/a>\n<p>&nbsp;<\/p>\n<a href=\"https:\/\/www.federicobindi.org\/?page_id=58\">dal Presidente della commissione ecumenica della Diocesi, Luigi Spallacci<\/a>\n<p>&nbsp;<\/p>\n<a href=\"https:\/\/www.federicobindi.org\/?page_id=60\">dal libro &#8220;Le Radici&#8221;<\/a>\n<p>&nbsp;<\/p>\n<a href=\"https:\/\/www.federicobindi.org\/?page_id=62\">dal Comune di Arezzo<\/a>\n<p>&nbsp;<\/p>\n<a href=\"https:\/\/www.federicobindi.org\/?page_id=102\">su Facebook<\/a>\n<p>&nbsp;<\/p>\n<p>&nbsp;<\/p>\n<p>&nbsp;<\/p>\n","protected":false},"excerpt":{"rendered":"<p>Federico Bindi \u00e8 nato il 28 dicembre 1967 ed \u00e8 morto, a causa di un tumore, il 25 novembre 2009. Non \u00e8 davvero facile raccontare i sui 42 anni in poche righe. Molti di noi lo hanno conosciuto dentro la &hellip; <a href=\"https:\/\/www.federicobindi.org\/?page_id=17\">Continua a leggere<span class=\"meta-nav\">&rarr;<\/span><\/a><\/p>\n","protected":false},"author":1,"featured_media":0,"parent":0,"menu_order":0,"comment_status":"closed","ping_status":"open","template":"","meta":{"jetpack_post_was_ever_published":false,"footnotes":""},"class_list":["post-17","page","type-page","status-publish","hentry"],"jetpack_sharing_enabled":true,"jetpack_shortlink":"https:\/\/wp.me\/P5o0KA-h","_links":{"self":[{"href":"https:\/\/www.federicobindi.org\/index.php?rest_route=\/wp\/v2\/pages\/17","targetHints":{"allow":["GET"]}}],"collection":[{"href":"https:\/\/www.federicobindi.org\/index.php?rest_route=\/wp\/v2\/pages"}],"about":[{"href":"https:\/\/www.federicobindi.org\/index.php?rest_route=\/wp\/v2\/types\/page"}],"author":[{"embeddable":true,"href":"https:\/\/www.federicobindi.org\/index.php?rest_route=\/wp\/v2\/users\/1"}],"replies":[{"embeddable":true,"href":"https:\/\/www.federicobindi.org\/index.php?rest_route=%2Fwp%2Fv2%2Fcomments&post=17"}],"version-history":[{"count":15,"href":"https:\/\/www.federicobindi.org\/index.php?rest_route=\/wp\/v2\/pages\/17\/revisions"}],"predecessor-version":[{"id":375,"href":"https:\/\/www.federicobindi.org\/index.php?rest_route=\/wp\/v2\/pages\/17\/revisions\/375"}],"wp:attachment":[{"href":"https:\/\/www.federicobindi.org\/index.php?rest_route=%2Fwp%2Fv2%2Fmedia&parent=17"}],"curies":[{"name":"wp","href":"https:\/\/api.w.org\/{rel}","templated":true}]}}