{"id":131,"date":"2014-10-04T22:00:57","date_gmt":"2014-10-04T20:00:57","guid":{"rendered":"http:\/\/www.federicobindi.org\/?page_id=131"},"modified":"2026-03-04T13:59:47","modified_gmt":"2026-03-04T12:59:47","slug":"aiutaci-ad-aiutare-a-vivere","status":"publish","type":"page","link":"https:\/\/www.federicobindi.org\/?page_id=131","title":{"rendered":"Aiutaci ad &#8220;Aiutare a Vivere!&#8221;"},"content":{"rendered":"<p><strong>Vivere \u00e8 aiutare a Vivere<\/strong>: questa frase di <a href=\"http:\/\/it.wikipedia.org\/wiki\/Raoul_Follereau\" target=\"_blank\" rel=\"noopener\">Raul Follereau<\/a> \u00e8 fonte d&#8217;ispirazione per la Fraternit\u00e0.<\/p>\n<p><span style=\"font-weight: 400;\">La Fraternit\u00e0 si sostiene grazie alle quote mensili dei soci, alle elargizioni di enti o di privati e grazie al contributo raccolto attraverso il 5 per mille.<\/span><\/p>\n<p><span style=\"font-weight: 400;\">Puoi diventare uno a pi\u00f9 tra:<\/span><\/p>\n<ul>\n<li style=\"font-weight: 400;\" aria-level=\"1\"><span style=\"font-weight: 400;\">Socio<\/span><\/li>\n<li style=\"font-weight: 400;\" aria-level=\"1\"><span style=\"font-weight: 400;\">Volontario<\/span><\/li>\n<li style=\"font-weight: 400;\" aria-level=\"1\"><span style=\"font-weight: 400;\">Contribuente<\/span><\/li>\n<\/ul>\n<p>Il nostro C\/C presso il Monte dei Paschi di Siena ha il seguente IBAN: IT80X0103014100000004106018<\/p>\n<p>Donaci il tuo<strong> 5 per 1000<\/strong> usando il nostro C.F.<strong> 92078310510<\/strong><\/p>\n<p><span style=\"font-weight: 400;\">Oltre a contributi in denaro la Fraternit\u00e0 accetta volentieri:<\/span><\/p>\n<ul>\n<li style=\"font-weight: 400;\" aria-level=\"1\"><span style=\"font-weight: 400;\">Biancheria da casa<\/span><\/li>\n<li style=\"font-weight: 400;\" aria-level=\"1\"><span style=\"font-weight: 400;\">Indumenti, in particolare maschili, a condizione che possano essere lavato in lavatrice<\/span><\/li>\n<\/ul>\n<p>Per informazioni:<\/p>\n<p><a href=\"mailto:fraternitafedericobindi@gmail.com\" target=\"_blank\" rel=\"noopener\">fraternitafedericobindi@gmail.com<\/a><br \/>\nM. Grazia: 3291091069<\/p>\n","protected":false},"excerpt":{"rendered":"<p>Vivere \u00e8 aiutare a Vivere: questa frase di Raul Follereau \u00e8 fonte d&#8217;ispirazione per la Fraternit\u00e0. La Fraternit\u00e0 si sostiene grazie alle quote mensili dei soci, alle elargizioni di enti o di privati e grazie al contributo raccolto attraverso il &hellip; <a href=\"https:\/\/www.federicobindi.org\/?page_id=131\">Continua a leggere<span class=\"meta-nav\">&rarr;<\/span><\/a><\/p>\n","protected":false},"author":1,"featured_media":0,"parent":0,"menu_order":0,"comment_status":"closed","ping_status":"open","template":"","meta":{"jetpack_post_was_ever_published":false,"footnotes":""},"class_list":["post-131","page","type-page","status-publish","hentry"],"jetpack_sharing_enabled":true,"jetpack_shortlink":"https:\/\/wp.me\/P5o0KA-27","_links":{"self":[{"href":"https:\/\/www.federicobindi.org\/index.php?rest_route=\/wp\/v2\/pages\/131","targetHints":{"allow":["GET"]}}],"collection":[{"href":"https:\/\/www.federicobindi.org\/index.php?rest_route=\/wp\/v2\/pages"}],"about":[{"href":"https:\/\/www.federicobindi.org\/index.php?rest_route=\/wp\/v2\/types\/page"}],"author":[{"embeddable":true,"href":"https:\/\/www.federicobindi.org\/index.php?rest_route=\/wp\/v2\/users\/1"}],"replies":[{"embeddable":true,"href":"https:\/\/www.federicobindi.org\/index.php?rest_route=%2Fwp%2Fv2%2Fcomments&post=131"}],"version-history":[{"count":8,"href":"https:\/\/www.federicobindi.org\/index.php?rest_route=\/wp\/v2\/pages\/131\/revisions"}],"predecessor-version":[{"id":759,"href":"https:\/\/www.federicobindi.org\/index.php?rest_route=\/wp\/v2\/pages\/131\/revisions\/759"}],"wp:attachment":[{"href":"https:\/\/www.federicobindi.org\/index.php?rest_route=%2Fwp%2Fv2%2Fmedia&parent=131"}],"curies":[{"name":"wp","href":"https:\/\/api.w.org\/{rel}","templated":true}]}}