{"id":102,"date":"2014-09-16T22:40:02","date_gmt":"2014-09-16T20:40:02","guid":{"rendered":"http:\/\/www.federicobindi.org\/?page_id=102"},"modified":"2014-09-16T22:40:02","modified_gmt":"2014-09-16T20:40:02","slug":"su-facebook","status":"publish","type":"page","link":"https:\/\/www.federicobindi.org\/?page_id=102","title":{"rendered":"su Facebook"},"content":{"rendered":"<p>Qui di seguito una piccolissima selezione dei messaggi che sono apparsi sulla bacheca di Federico appena la notizia della sua scomparsa si \u00e8\u00a0 diffusa:<\/p>\n<p><em>D.S. Grazie Federico per il sorriso e il coraggio con cui hai portato avanti la tua vita, ritenendola sempre un grande dono&#8230;. Porter\u00f2 il tuo ricordo nel cuore.<\/em><\/p>\n<p><em> S.R.\u00a0 &#8230;avevi il dono raro di essere originale e forte, determinato e sensibile&#8230;. le tue parole non sono mai state convenzionali, ma avevano il raro pregio di raggiungere il cuore&#8230; ho imparato da te il valore dell&#8217;impegno sociale e ognuno per la propria strada abbiamo lavorato per testimoniare quello in cui credevamo&#8230;.<\/em><\/p>\n<p><em> G.S.\u00a0 Un abbraccio ed un grazie per tutto ci\u00f2 che hai fatto, per la passione, la sincerit\u00e0, il tuo innato e raro senso della solidariet\u00e0. GRAZIE!<\/em><\/p>\n<p><em> M.P.\u00a0 Caro Federico, oggi grazie a te Dio \u00e8 riuscito a superare ogni barriera umana, la tua fede ha dato i suoi frutti e la morte \u00e8 stata sconfitta, si sono uniti in un luogo sacro credenti e atei, istituzioni e poveri cittadini, immigrati e non, ci hai trasmesso il senso della croce e l&#8217;amore per il prossimo. Un bacio grande.<\/em><\/p>\n<p><em> M.G.P. Hai avuto il saluto che meritavi! Chi semina raccoglie, e oggi la tua semina ha dato i frutti dell&#8217;amore che hai donato a chi ha avuto la fortuna di conoscerti. Ciao Fede.<\/em><\/p>\n<p><em> R.R. Sei stato una luce e un esempio da seguire. Guardaci di lass\u00f9 con la tua bont\u00e0 e la tua intelligente ironia. Un abbraccio forte.<\/em><\/p>\n<p>&nbsp;<\/p>\n","protected":false},"excerpt":{"rendered":"<p>Qui di seguito una piccolissima selezione dei messaggi che sono apparsi sulla bacheca di Federico appena la notizia della sua scomparsa si \u00e8\u00a0 diffusa: D.S. Grazie Federico per il sorriso e il coraggio con cui hai portato avanti la tua &hellip; <a href=\"https:\/\/www.federicobindi.org\/?page_id=102\">Continua a leggere<span class=\"meta-nav\">&rarr;<\/span><\/a><\/p>\n","protected":false},"author":1,"featured_media":0,"parent":17,"menu_order":0,"comment_status":"closed","ping_status":"open","template":"","meta":{"jetpack_post_was_ever_published":false,"footnotes":""},"class_list":["post-102","page","type-page","status-publish","hentry"],"jetpack_sharing_enabled":true,"jetpack_shortlink":"https:\/\/wp.me\/P5o0KA-1E","_links":{"self":[{"href":"https:\/\/www.federicobindi.org\/index.php?rest_route=\/wp\/v2\/pages\/102","targetHints":{"allow":["GET"]}}],"collection":[{"href":"https:\/\/www.federicobindi.org\/index.php?rest_route=\/wp\/v2\/pages"}],"about":[{"href":"https:\/\/www.federicobindi.org\/index.php?rest_route=\/wp\/v2\/types\/page"}],"author":[{"embeddable":true,"href":"https:\/\/www.federicobindi.org\/index.php?rest_route=\/wp\/v2\/users\/1"}],"replies":[{"embeddable":true,"href":"https:\/\/www.federicobindi.org\/index.php?rest_route=%2Fwp%2Fv2%2Fcomments&post=102"}],"version-history":[{"count":2,"href":"https:\/\/www.federicobindi.org\/index.php?rest_route=\/wp\/v2\/pages\/102\/revisions"}],"predecessor-version":[{"id":104,"href":"https:\/\/www.federicobindi.org\/index.php?rest_route=\/wp\/v2\/pages\/102\/revisions\/104"}],"up":[{"embeddable":true,"href":"https:\/\/www.federicobindi.org\/index.php?rest_route=\/wp\/v2\/pages\/17"}],"wp:attachment":[{"href":"https:\/\/www.federicobindi.org\/index.php?rest_route=%2Fwp%2Fv2%2Fmedia&parent=102"}],"curies":[{"name":"wp","href":"https:\/\/api.w.org\/{rel}","templated":true}]}}